{"id":15,"date":"2023-06-02T09:33:13","date_gmt":"2023-06-02T09:33:13","guid":{"rendered":"https:\/\/calerasesores.es\/?page_id=15"},"modified":"2023-06-02T15:18:32","modified_gmt":"2023-06-02T15:18:32","slug":"noticias","status":"publish","type":"page","link":"https:\/\/calerasesores.es\/?page_id=15","title":{"rendered":"Noticias"},"content":{"rendered":"\n<h2 class=\"wp-block-heading\">\u00daltimas Noticias<\/h2>\n\n\n<style id=\"sp_pcp_dynamic_style576\">#pcp_wrapper-576 .sp-pcp-row{ margin-right: -10px;margin-left: -10px;}#pcp_wrapper-576 .sp-pcp-row [class*='sp-pcp-col-']{padding-right: 10px;padding-left: 10px;padding-bottom: 20px;}.pcp-wrapper-576 .sp-pcp-title a {color: #111;display: inherit;} .pcp-wrapper-576 .sp-pcp-title a:hover {color: #e1624b;}.pcp-wrapper-576 .sp-pcp-post-content{color: #444; }#pcp_wrapper-576 .sp-pcp-post {padding: 0 0 0 0;}#pcp_wrapper-576 .sp-pcp-post {border: 1px solid #e2e2e2;}#pcp_wrapper-576 .sp-pcp-post {border-radius: 0px;}#pcp_wrapper-576 .sp-pcp-post{background-color: transparent;}.pcp-wrapper-576 .sp-pcp-post-meta li,.pcp-wrapper-576 .sp-pcp-post-meta ul,.pcp-wrapper-576 .sp-pcp-post-meta li a{color: #888;}.pcp-wrapper-576 .sp-pcp-post-meta li a:hover{color: #e1624b;}#pcp_wrapper-576 .pcp-readmore-link{ background: transparent; color: #111; border-color: #888; } #pcp_wrapper-576 .pcp-readmore-link:hover { background: #e1624b; color: #fff; border-color: #e1624b; }#pcp_wrapper-576 .pcp-post-pagination .page-numbers.current, #pcp_wrapper-576 .pcp-post-pagination a.active , #pcp_wrapper-576 .pcp-post-pagination a:hover{ color: #ffffff; background: #e1624b; border-color: #e1624b; }#pcp_wrapper-576 .pcp-post-pagination .page-numbers, .pcp-post-pagination a{ background: #ffffff; color:#5e5e5e; border-color: #bbbbbb; }<\/style>\n<div id=\"pcp_wrapper-576\" class=\"sp-pcp-section sp-pcp-container pcp-wrapper-576\">\n\t<div class=\"sp-pcp-row\">\n\t\t\t\t<div class=\" sp-pcp-col-xs-1 sp-pcp-col-sm-2 sp-pcp-col-md-2 sp-pcp-col-lg-2 sp-pcp-col-xl-2\">\n\t\t\t<div class=\"sp-pcp-post pcp-item-574\" data-id=\"574\">\n\t\t\t\t\t\t\t\t<div class=\"pcp-post-thumb-wrapper\">\n\t\t\t\t\t<div class=\"sp-pcp-post-thumb-area\">\n\t\t\t\t\t\t\t\t\t\t\t\t<a class=\"sp-pcp-thumb\" href=\"https:\/\/calerasesores.es\/?p=574\" target=\"_self\" >\n\t\t\t\t\t\t\t\t\t\t\t\t\t<img loading=\"lazy\" decoding=\"async\" src=\"https:\/\/calerasesores.es\/wp-content\/uploads\/2023\/06\/impresion-calendarios.jpg\" width=\"1920\" height=\"600\" alt=\"\">\n\t\t\t\t\t\t<\/a>\n\t\t\t\t\t<\/div>\n\t\t\t\t<\/div>\n\t\t\t\t\t\t\t<h2 class=\"sp-pcp-title\">\n\t\t\t\t\t\t\t\t\t<a href=\"https:\/\/calerasesores.es\/?p=574\"  target=\"_self\">Calendario de la declaraci\u00f3n de la Renta 2022\/2023: borrador, plazo para presentar y novedades<\/a>\t\t\t\t\t\t\t<\/h2>\n\t\t\t\t\t\t<div class=\"sp-pcp-post-meta\">\n\t\t\t<ul><li>\t\t\t\t\t<i class=\"fa fa-user\"><\/i>\n\t\t\t\t\t<a href=\"https:\/\/calerasesores.es\/?author=1\"\n\t\t\t\t\t\trel=\"author\">admin<\/a>\n\t\t\t\t\t<\/li> <li>\t\t\t\t\t<i class=\"fa fa-calendar\"><\/i>\n\t\t\t\t\t<time class=\"entry-date published updated\">June 2, 2023<\/time>\n\t\t\t\t\t<\/li> <li>\t\t\t\t\t\t<i class=\"fa fa-comments-o\"><\/i>\n\t\t\t\t\t\t\t<a href=\"https:\/\/calerasesores.es\/?p=574\">0<\/a>\n\t\t\t\t\t\t<\/li><\/ul>\t\t<\/div>\n\t\t\t\t\t<div class=\"sp-pcp-post-content\">\n\t\t\t<p>La actual campa\u00f1a se extender\u00e1 hasta el pr\u00f3ximo 30 de junio Llega el momento de saldar cuentas con Hacienda para 21 millones de contribuyentes en Espa\u00f1a. A continuaci\u00f3n, algunas fechas clave y las novedades principales para tener en cuenta en la declaraci\u00f3n de este a\u00f1o. \u00bfCu\u00e1les son las fechas clave de la campa\u00f1a de la&hellip;&nbsp;<a href=\"https:\/\/calerasesores.es\/?p=574\" class=\"\" rel=\"bookmark\">Read More &raquo;<span class=\"screen-reader-text\">Calendario de la declaraci\u00f3n de la Renta 2022\/2023: borrador, plazo para presentar y novedades<\/span><\/a><\/p>\n\t\t<div class=\"sp-pcp-readmore\">\n\t\t\t\t\t\t\t<a class=\"pcp-readmore-link\" target=\"_self\" href=\"https:\/\/calerasesores.es\/?p=574\" >\n\t\t\t\t\t\tRead More <\/a>\n\t\t<\/div>\n\t\t\t\t\t<\/div>\n\t\t\t\t\t\t<\/div>\n\t\t<\/div>\n\t\t\t\t<div class=\" sp-pcp-col-xs-1 sp-pcp-col-sm-2 sp-pcp-col-md-2 sp-pcp-col-lg-2 sp-pcp-col-xl-2\">\n\t\t\t<div class=\"sp-pcp-post pcp-item-564\" data-id=\"564\">\n\t\t\t\t\t\t\t\t<div class=\"pcp-post-thumb-wrapper\">\n\t\t\t\t\t<div class=\"sp-pcp-post-thumb-area\">\n\t\t\t\t\t\t\t\t\t\t\t\t<a class=\"sp-pcp-thumb\" href=\"https:\/\/calerasesores.es\/?p=564&#038;lang=en\" target=\"_self\" >\n\t\t\t\t\t\t\t\t\t\t\t\t\t<img loading=\"lazy\" decoding=\"async\" src=\"https:\/\/calerasesores.es\/wp-content\/uploads\/2023\/06\/impresion-calendarios.jpg\" width=\"1920\" height=\"600\" alt=\"\">\n\t\t\t\t\t\t<\/a>\n\t\t\t\t\t<\/div>\n\t\t\t\t<\/div>\n\t\t\t\t\t\t\t<h2 class=\"sp-pcp-title\">\n\t\t\t\t\t\t\t\t\t<a href=\"https:\/\/calerasesores.es\/?p=564&#038;lang=en\"  target=\"_self\">Calendar of the Income statement 2022\/2023: draft, deadline to present and news<\/a>\t\t\t\t\t\t\t<\/h2>\n\t\t\t\t\t\t<div class=\"sp-pcp-post-meta\">\n\t\t\t<ul><li>\t\t\t\t\t<i class=\"fa fa-user\"><\/i>\n\t\t\t\t\t<a href=\"https:\/\/calerasesores.es\/?author=1\"\n\t\t\t\t\t\trel=\"author\">admin<\/a>\n\t\t\t\t\t<\/li> <li>\t\t\t\t\t<i class=\"fa fa-calendar\"><\/i>\n\t\t\t\t\t<time class=\"entry-date published updated\">June 2, 2023<\/time>\n\t\t\t\t\t<\/li> <li>\t\t\t\t\t\t<i class=\"fa fa-comments-o\"><\/i>\n\t\t\t\t\t\t\t<a href=\"https:\/\/calerasesores.es\/?p=564&#038;lang=en\">0<\/a>\n\t\t\t\t\t\t<\/li><\/ul>\t\t<\/div>\n\t\t\t\t\t<div class=\"sp-pcp-post-content\">\n\t\t\t<p>The current campaign will run until June 30 The time has come to settle accounts with the Treasury for 21 million taxpayers in Spain. Here are some key dates and major developments to consider in this year&#8217;s statement. What are the key dates of the 2022 Income campaign? The campaign to present the IRPF for&hellip;&nbsp;<a href=\"https:\/\/calerasesores.es\/?p=564&#038;lang=en\" class=\"\" rel=\"bookmark\">Read More &raquo;<span class=\"screen-reader-text\">Calendar of the Income statement 2022\/2023: draft, deadline to present and news<\/span><\/a><\/p>\n\t\t<div class=\"sp-pcp-readmore\">\n\t\t\t\t\t\t\t<a class=\"pcp-readmore-link\" target=\"_self\" href=\"https:\/\/calerasesores.es\/?p=564&#038;lang=en\" >\n\t\t\t\t\t\tRead More <\/a>\n\t\t<\/div>\n\t\t\t\t\t<\/div>\n\t\t\t\t\t\t<\/div>\n\t\t<\/div>\n\t\t\t<\/div>\n\t\t<span class=\"sp-pcp-pagination-data\" style=\"display:none;\"><\/span>\n\n\t\t<nav class=\"pcp-post-pagination pcp-on-desktop\">\n\t\t\t\t\t<\/nav>\n\t\t\t\t\t<nav class=\"pcp-post-pagination pcp-on-mobile\">\n\t\t\t\t\t<\/nav>\n\t\t\t\t<\/div>\n\n","protected":false},"excerpt":{"rendered":"<p>\u00daltimas Noticias<\/p>\n","protected":false},"author":1,"featured_media":0,"parent":0,"menu_order":0,"comment_status":"closed","ping_status":"closed","template":"","meta":{"neve_meta_sidebar":"full-width","neve_meta_container":"contained","neve_meta_enable_content_width":"","neve_meta_content_width":0,"neve_meta_title_alignment":"","neve_meta_author_avatar":"","neve_post_elements_order":"","neve_meta_disable_header":"","neve_meta_disable_footer":"","neve_meta_disable_title":"on","_themeisle_gutenberg_block_has_review":false,"_ti_tpc_template_sync":false,"_ti_tpc_template_id":"","footnotes":""},"class_list":["post-15","page","type-page","status-publish","hentry"],"yoast_head":"<!-- This site is optimized with the Yoast SEO plugin v20.8 - https:\/\/yoast.com\/wordpress\/plugins\/seo\/ -->\n<title>Noticias | Novedades y Actualizaciones | Caler Asesores<\/title>\n<meta name=\"description\" content=\"Mant\u00e9ngase al d\u00eda con las \u00faltimas noticias, novedades y actualizaciones en el \u00e1mbito de la asesor\u00eda laboral, fiscal, contable, mercantil, jur\u00eddica, tramitaciones con organismos p\u00fablicos y adaptaci\u00f3n al RGPD. Obtenga informaci\u00f3n valiosa para su negocio y tome decisiones informadas.\" \/>\n<meta name=\"robots\" content=\"index, follow, max-snippet:-1, max-image-preview:large, max-video-preview:-1\" \/>\n<link rel=\"canonical\" href=\"https:\/\/calerasesores.es\/?page_id=15\" \/>\n<meta property=\"og:locale\" content=\"en_US\" \/>\n<meta property=\"og:type\" content=\"article\" \/>\n<meta property=\"og:title\" content=\"Noticias | Novedades y Actualizaciones | Caler Asesores\" \/>\n<meta property=\"og:description\" content=\"Mant\u00e9ngase al d\u00eda con las \u00faltimas noticias, novedades y actualizaciones en el \u00e1mbito de la asesor\u00eda laboral, fiscal, contable, mercantil, jur\u00eddica, tramitaciones con organismos p\u00fablicos y adaptaci\u00f3n al RGPD. Obtenga informaci\u00f3n valiosa para su negocio y tome decisiones informadas.\" \/>\n<meta property=\"og:url\" content=\"https:\/\/calerasesores.es\/?page_id=15\" \/>\n<meta property=\"og:site_name\" content=\"Caler Asesores\" \/>\n<meta property=\"article:modified_time\" content=\"2023-06-02T15:18:32+00:00\" \/>\n<meta name=\"twitter:card\" content=\"summary_large_image\" \/>\n<meta name=\"twitter:label1\" content=\"Est. reading time\" \/>\n\t<meta name=\"twitter:data1\" content=\"1 minute\" \/>\n<script type=\"application\/ld+json\" class=\"yoast-schema-graph\">{\"@context\":\"https:\/\/schema.org\",\"@graph\":[{\"@type\":\"WebPage\",\"@id\":\"https:\/\/calerasesores.es\/?page_id=15\",\"url\":\"https:\/\/calerasesores.es\/?page_id=15\",\"name\":\"Noticias | Novedades y Actualizaciones | Caler Asesores\",\"isPartOf\":{\"@id\":\"https:\/\/calerasesores.es\/#website\"},\"datePublished\":\"2023-06-02T09:33:13+00:00\",\"dateModified\":\"2023-06-02T15:18:32+00:00\",\"description\":\"Mant\u00e9ngase al d\u00eda con las \u00faltimas noticias, novedades y actualizaciones en el \u00e1mbito de la asesor\u00eda laboral, fiscal, contable, mercantil, jur\u00eddica, tramitaciones con organismos p\u00fablicos y adaptaci\u00f3n al RGPD. Obtenga informaci\u00f3n valiosa para su negocio y tome decisiones informadas.\",\"breadcrumb\":{\"@id\":\"https:\/\/calerasesores.es\/?page_id=15#breadcrumb\"},\"inLanguage\":\"en-US\",\"potentialAction\":[{\"@type\":\"ReadAction\",\"target\":[\"https:\/\/calerasesores.es\/?page_id=15\"]}]},{\"@type\":\"BreadcrumbList\",\"@id\":\"https:\/\/calerasesores.es\/?page_id=15#breadcrumb\",\"itemListElement\":[{\"@type\":\"ListItem\",\"position\":1,\"name\":\"Portada\",\"item\":\"https:\/\/calerasesores.es\/?page_id=522&lang=en\"},{\"@type\":\"ListItem\",\"position\":2,\"name\":\"Noticias\"}]},{\"@type\":\"WebSite\",\"@id\":\"https:\/\/calerasesores.es\/#website\",\"url\":\"https:\/\/calerasesores.es\/\",\"name\":\"Caler Asesores\",\"description\":\"Asesor\u00eda integral con calidad y compromiso\",\"publisher\":{\"@id\":\"https:\/\/calerasesores.es\/#organization\"},\"potentialAction\":[{\"@type\":\"SearchAction\",\"target\":{\"@type\":\"EntryPoint\",\"urlTemplate\":\"https:\/\/calerasesores.es\/?s={search_term_string}\"},\"query-input\":\"required name=search_term_string\"}],\"inLanguage\":\"en-US\"},{\"@type\":\"Organization\",\"@id\":\"https:\/\/calerasesores.es\/#organization\",\"name\":\"Caler Asesores\",\"url\":\"https:\/\/calerasesores.es\/\",\"logo\":{\"@type\":\"ImageObject\",\"inLanguage\":\"en-US\",\"@id\":\"https:\/\/calerasesores.es\/#\/schema\/logo\/image\/\",\"url\":\"\",\"contentUrl\":\"\",\"caption\":\"Caler Asesores\"},\"image\":{\"@id\":\"https:\/\/calerasesores.es\/#\/schema\/logo\/image\/\"}}]}<\/script>\n<!-- \/ Yoast SEO plugin. -->","yoast_head_json":{"title":"Noticias | Novedades y Actualizaciones | Caler Asesores","description":"Mant\u00e9ngase al d\u00eda con las \u00faltimas noticias, novedades y actualizaciones en el \u00e1mbito de la asesor\u00eda laboral, fiscal, contable, mercantil, jur\u00eddica, tramitaciones con organismos p\u00fablicos y adaptaci\u00f3n al RGPD. Obtenga informaci\u00f3n valiosa para su negocio y tome decisiones informadas.","robots":{"index":"index","follow":"follow","max-snippet":"max-snippet:-1","max-image-preview":"max-image-preview:large","max-video-preview":"max-video-preview:-1"},"canonical":"https:\/\/calerasesores.es\/?page_id=15","og_locale":"en_US","og_type":"article","og_title":"Noticias | Novedades y Actualizaciones | Caler Asesores","og_description":"Mant\u00e9ngase al d\u00eda con las \u00faltimas noticias, novedades y actualizaciones en el \u00e1mbito de la asesor\u00eda laboral, fiscal, contable, mercantil, jur\u00eddica, tramitaciones con organismos p\u00fablicos y adaptaci\u00f3n al RGPD. Obtenga informaci\u00f3n valiosa para su negocio y tome decisiones informadas.","og_url":"https:\/\/calerasesores.es\/?page_id=15","og_site_name":"Caler Asesores","article_modified_time":"2023-06-02T15:18:32+00:00","twitter_card":"summary_large_image","twitter_misc":{"Est. reading time":"1 minute"},"schema":{"@context":"https:\/\/schema.org","@graph":[{"@type":"WebPage","@id":"https:\/\/calerasesores.es\/?page_id=15","url":"https:\/\/calerasesores.es\/?page_id=15","name":"Noticias | Novedades y Actualizaciones | Caler Asesores","isPartOf":{"@id":"https:\/\/calerasesores.es\/#website"},"datePublished":"2023-06-02T09:33:13+00:00","dateModified":"2023-06-02T15:18:32+00:00","description":"Mant\u00e9ngase al d\u00eda con las \u00faltimas noticias, novedades y actualizaciones en el \u00e1mbito de la asesor\u00eda laboral, fiscal, contable, mercantil, jur\u00eddica, tramitaciones con organismos p\u00fablicos y adaptaci\u00f3n al RGPD. Obtenga informaci\u00f3n valiosa para su negocio y tome decisiones informadas.","breadcrumb":{"@id":"https:\/\/calerasesores.es\/?page_id=15#breadcrumb"},"inLanguage":"en-US","potentialAction":[{"@type":"ReadAction","target":["https:\/\/calerasesores.es\/?page_id=15"]}]},{"@type":"BreadcrumbList","@id":"https:\/\/calerasesores.es\/?page_id=15#breadcrumb","itemListElement":[{"@type":"ListItem","position":1,"name":"Portada","item":"https:\/\/calerasesores.es\/?page_id=522&lang=en"},{"@type":"ListItem","position":2,"name":"Noticias"}]},{"@type":"WebSite","@id":"https:\/\/calerasesores.es\/#website","url":"https:\/\/calerasesores.es\/","name":"Caler Asesores","description":"Asesor\u00eda integral con calidad y compromiso","publisher":{"@id":"https:\/\/calerasesores.es\/#organization"},"potentialAction":[{"@type":"SearchAction","target":{"@type":"EntryPoint","urlTemplate":"https:\/\/calerasesores.es\/?s={search_term_string}"},"query-input":"required name=search_term_string"}],"inLanguage":"en-US"},{"@type":"Organization","@id":"https:\/\/calerasesores.es\/#organization","name":"Caler Asesores","url":"https:\/\/calerasesores.es\/","logo":{"@type":"ImageObject","inLanguage":"en-US","@id":"https:\/\/calerasesores.es\/#\/schema\/logo\/image\/","url":"","contentUrl":"","caption":"Caler Asesores"},"image":{"@id":"https:\/\/calerasesores.es\/#\/schema\/logo\/image\/"}}]}},"_links":{"self":[{"href":"https:\/\/calerasesores.es\/index.php?rest_route=\/wp\/v2\/pages\/15","targetHints":{"allow":["GET"]}}],"collection":[{"href":"https:\/\/calerasesores.es\/index.php?rest_route=\/wp\/v2\/pages"}],"about":[{"href":"https:\/\/calerasesores.es\/index.php?rest_route=\/wp\/v2\/types\/page"}],"author":[{"embeddable":true,"href":"https:\/\/calerasesores.es\/index.php?rest_route=\/wp\/v2\/users\/1"}],"replies":[{"embeddable":true,"href":"https:\/\/calerasesores.es\/index.php?rest_route=%2Fwp%2Fv2%2Fcomments&post=15"}],"version-history":[{"count":3,"href":"https:\/\/calerasesores.es\/index.php?rest_route=\/wp\/v2\/pages\/15\/revisions"}],"predecessor-version":[{"id":579,"href":"https:\/\/calerasesores.es\/index.php?rest_route=\/wp\/v2\/pages\/15\/revisions\/579"}],"wp:attachment":[{"href":"https:\/\/calerasesores.es\/index.php?rest_route=%2Fwp%2Fv2%2Fmedia&parent=15"}],"curies":[{"name":"wp","href":"https:\/\/api.w.org\/{rel}","templated":true}]}}