{"id":426,"date":"2021-02-16T11:44:42","date_gmt":"2021-02-16T11:44:42","guid":{"rendered":"https:\/\/demosites.io\/neve-3\/?page_id=46"},"modified":"2025-05-08T07:44:36","modified_gmt":"2025-05-08T07:44:36","slug":"7b3c2-homepage","status":"publish","type":"page","link":"https:\/\/calerasesores.es\/","title":{"rendered":"Homepage"},"content":{"rendered":"\n<div class=\"wp-block-cover alignfull is-repeated\" style=\"min-height:600px;aspect-ratio:unset;\"><div class=\"wp-block-cover__image-background wp-image-455 is-repeated\" style=\"background-position:50% 50%;background-image:url(https:\/\/calerasesores.es\/wp-content\/uploads\/2023\/06\/fondo.png)\"><\/div><span aria-hidden=\"true\" class=\"wp-block-cover__background has-nv-site-bg-background-color has-background-dim-0 has-background-dim\"><\/span><div class=\"wp-block-cover__inner-container is-layout-flow wp-block-cover-is-layout-flow\">\n<div style=\"height:40px\" aria-hidden=\"true\" class=\"wp-block-spacer\"><\/div>\n\n\n\n<div class=\"wp-block-columns are-vertically-aligned-center is-layout-flex wp-container-core-columns-is-layout-9d6595d7 wp-block-columns-is-layout-flex\">\n<div class=\"wp-block-column is-vertically-aligned-center is-layout-flow wp-block-column-is-layout-flow\" style=\"flex-basis:100%\">\n<h1 class=\"wp-block-heading has-text-align-left\" style=\"font-size:56px\">Asesor\u00eda integral con <\/h1>\n\n\n\n<h1 class=\"wp-block-heading has-text-align-left\" style=\"font-size:56px\">Calidad y Compromiso<\/h1>\n\n\n\n<p class=\"has-text-align-left\" style=\"font-size:1.125em\">Nuestra filosof\u00eda se basa en proporcionar una atenci\u00f3n personalizada y de calidad a nuestros clientes.<\/p>\n\n\n\n<div class=\"wp-block-buttons is-layout-flex wp-block-buttons-is-layout-flex\">\n<div class=\"wp-block-button is-style-primary\"><a class=\"wp-block-button__link wp-element-button\" href=\"https:\/\/calerasesores.es\/?page_id=398\">Contacto<\/a><\/div>\n<\/div>\n<\/div>\n\n\n\n<div class=\"wp-block-column is-vertically-aligned-center is-layout-flow wp-block-column-is-layout-flow\" style=\"flex-basis:30%\">\n<p><\/p>\n<\/div>\n<\/div>\n\n\n\n<div style=\"height:40px\" aria-hidden=\"true\" class=\"wp-block-spacer\"><\/div>\n<\/div><\/div>\n\n\n\n<div style=\"height:40px\" aria-hidden=\"true\" class=\"wp-block-spacer\"><\/div>\n\n\n\n<div class=\"wp-block-columns is-layout-flex wp-container-core-columns-is-layout-9d6595d7 wp-block-columns-is-layout-flex\">\n<div class=\"wp-block-column is-vertically-aligned-center is-layout-flow wp-block-column-is-layout-flow\"><div class=\"wp-block-image\">\n<figure class=\"aligncenter size-full\"><img loading=\"lazy\" decoding=\"async\" width=\"950\" height=\"800\" src=\"https:\/\/calerasesores.es\/wp-content\/uploads\/2023\/06\/inicio_1.jpg\" alt=\"\" class=\"wp-image-452\" srcset=\"https:\/\/calerasesores.es\/wp-content\/uploads\/2023\/06\/inicio_1.jpg 950w, https:\/\/calerasesores.es\/wp-content\/uploads\/2023\/06\/inicio_1-300x253.jpg 300w, https:\/\/calerasesores.es\/wp-content\/uploads\/2023\/06\/inicio_1-768x647.jpg 768w\" sizes=\"auto, (max-width: 950px) 100vw, 950px\" \/><\/figure>\n<\/div><\/div>\n\n\n\n<div class=\"wp-block-column is-vertically-aligned-center is-layout-flow wp-block-column-is-layout-flow\">\n<h2 class=\"wp-block-heading\">Profesionales con amplia experiencia<\/h2>\n\n\n\n<p>En Caler Asesores, somos un despacho formado por un equipo de profesionales con amplia experiencia y dedicados a brindar servicios de asesor\u00eda laboral, asesor\u00eda fiscal y contable, \u00e1rea mercantil, \u00e1rea jur\u00eddica, tramitaciones con organismos p\u00fablicos y adaptaci\u00f3n al Reglamento General de Protecci\u00f3n de Datos.<\/p>\n\n\n\n<p>Nuestra filosof\u00eda se basa en proporcionar una atenci\u00f3n personalizada y de calidad a nuestros clientes, con un enfoque independiente que garantiza la excelencia en cada asesoramiento. Nos comprometemos a entender las necesidades y metas de cada cliente para brindar soluciones adaptadas y efectivas.<\/p>\n\n\n\n<p>.<\/p>\n\n\n\n<div class=\"wp-block-buttons is-layout-flex wp-block-buttons-is-layout-flex\">\n<div class=\"wp-block-button is-style-secondary\"><a class=\"wp-block-button__link wp-element-button\" href=\"https:\/\/calerasesores.es\/?page_id=398\">Contacto<\/a><\/div>\n<\/div>\n<\/div>\n<\/div>\n\n\n\n<div style=\"height:20px\" aria-hidden=\"true\" class=\"wp-block-spacer\"><\/div>\n\n\n\n<div class=\"wp-block-columns are-vertically-aligned-top is-layout-flex wp-container-core-columns-is-layout-9d6595d7 wp-block-columns-is-layout-flex\">\n<div class=\"wp-block-column is-vertically-aligned-top is-layout-flow wp-block-column-is-layout-flow\">\n<figure class=\"wp-block-image size-full\"><img loading=\"lazy\" decoding=\"async\" width=\"526\" height=\"526\" src=\"https:\/\/calerasesores.es\/wp-content\/uploads\/2023\/06\/personalizada.jpg\" alt=\"\" class=\"wp-image-460\" srcset=\"https:\/\/calerasesores.es\/wp-content\/uploads\/2023\/06\/personalizada.jpg 526w, https:\/\/calerasesores.es\/wp-content\/uploads\/2023\/06\/personalizada-300x300.jpg 300w, https:\/\/calerasesores.es\/wp-content\/uploads\/2023\/06\/personalizada-150x150.jpg 150w\" sizes=\"auto, (max-width: 526px) 100vw, 526px\" \/><\/figure>\n\n\n\n<div style=\"height:16px\" aria-hidden=\"true\" class=\"wp-block-spacer\"><\/div>\n\n\n\n<h3 class=\"wp-block-heading\">Atenci\u00f3n Personalizada<\/h3>\n\n\n\n<p>En Caler Asesores, entendemos que cada cliente es \u00fanico y tiene necesidades espec\u00edficas. Es por eso que nos enorgullece ofrecer un enfoque de atenci\u00f3n personalizada en todos nuestros servicios. Nos esforzamos por establecer una relaci\u00f3n cercana con cada cliente, escuchando atentamente sus metas y desaf\u00edos para proporcionar soluciones adaptadas y efectivas.<\/p>\n<\/div>\n\n\n\n<div class=\"wp-block-column is-vertically-aligned-top is-layout-flow wp-block-column-is-layout-flow\">\n<figure class=\"wp-block-image size-full\"><img loading=\"lazy\" decoding=\"async\" width=\"526\" height=\"526\" src=\"https:\/\/calerasesores.es\/wp-content\/uploads\/2023\/06\/calidad.jpg\" alt=\"\" class=\"wp-image-463\" srcset=\"https:\/\/calerasesores.es\/wp-content\/uploads\/2023\/06\/calidad.jpg 526w, https:\/\/calerasesores.es\/wp-content\/uploads\/2023\/06\/calidad-300x300.jpg 300w, https:\/\/calerasesores.es\/wp-content\/uploads\/2023\/06\/calidad-150x150.jpg 150w\" sizes=\"auto, (max-width: 526px) 100vw, 526px\" \/><\/figure>\n\n\n\n<div style=\"height:16px\" aria-hidden=\"true\" class=\"wp-block-spacer\"><\/div>\n\n\n\n<h3 class=\"wp-block-heading\">Calidad<\/h3>\n\n\n\n<p>En Caler Asesores, nos enorgullece ofrecer servicios de asesor\u00eda de la m\u00e1s alta calidad. Nuestro compromiso con la excelencia nos impulsa a brindar a nuestros clientes soluciones precisas y estrat\u00e9gicas en todas las \u00e1reas de asesoramiento. <\/p>\n<\/div>\n\n\n\n<div class=\"wp-block-column is-vertically-aligned-top is-layout-flow wp-block-column-is-layout-flow\">\n<figure class=\"wp-block-image size-full\"><img loading=\"lazy\" decoding=\"async\" width=\"526\" height=\"526\" src=\"https:\/\/calerasesores.es\/wp-content\/uploads\/2023\/06\/atencion-personalizada_1_1.jpg\" alt=\"\" class=\"wp-image-464\" srcset=\"https:\/\/calerasesores.es\/wp-content\/uploads\/2023\/06\/atencion-personalizada_1_1.jpg 526w, https:\/\/calerasesores.es\/wp-content\/uploads\/2023\/06\/atencion-personalizada_1_1-300x300.jpg 300w, https:\/\/calerasesores.es\/wp-content\/uploads\/2023\/06\/atencion-personalizada_1_1-150x150.jpg 150w\" sizes=\"auto, (max-width: 526px) 100vw, 526px\" \/><\/figure>\n\n\n\n<div style=\"height:16px\" aria-hidden=\"true\" class=\"wp-block-spacer\"><\/div>\n\n\n\n<h3 class=\"wp-block-heading\">Sencillez y agilidad<\/h3>\n\n\n\n<p>Simplificamos tus necesidades en asesor\u00eda laboral, fiscal, contable, mercantil, jur\u00eddica y protecci\u00f3n de datos. Con nosotros, obtendr\u00e1s soluciones \u00e1giles y efectivas, sin complicaciones innecesarias. Nuestro equipo de expertos te guiar\u00e1 en cada paso, brind\u00e1ndote un servicio transparente y de calidad. Simplifica tu camino hacia el \u00e9xito empresarial con Caler Asesores.<\/p>\n<\/div>\n<\/div>\n\n\n\n<div style=\"height:40px\" aria-hidden=\"true\" class=\"wp-block-spacer\"><\/div>\n\n\n\n<p>CALER ASESORES S.L. ha recibido una ayuda de 1.700 \u20ac para adquisici\u00f3n de veh\u00edculo el\u00e9ctrico de la Uni\u00f3n Europea con cargo al Fondo NextGenerationEU, en el marco del Plan de Recuperaci\u00f3n, Transformaci\u00f3n y Resiliencia, para la adquisici\u00f3n de veh\u00edculos l\u00e9ctricos &#8220;enchufables&#8221; y de pila combustible dentro del Programa de incentivos a la movilidad eficiente y sostenible (Programa MOVES III Veh\u00edculos Comunitat Valenciana) del Ministerio para la Transici\u00f3n Ecol\u00f3gica y el Reto Demogr\u00e1fico a trav\u00e9s del IDEA, gestionado por el Instituto Valenciano de Competitividad Empresarial (IVACE)<\/p>\n\n\n\n<figure class=\"wp-block-image size-full\"><img loading=\"lazy\" decoding=\"async\" width=\"952\" height=\"89\" src=\"https:\/\/calerasesores.es\/wp-content\/uploads\/2025\/05\/pi2.png\" alt=\"\" class=\"wp-image-582\" srcset=\"https:\/\/calerasesores.es\/wp-content\/uploads\/2025\/05\/pi2.png 952w, https:\/\/calerasesores.es\/wp-content\/uploads\/2025\/05\/pi2-300x28.png 300w, https:\/\/calerasesores.es\/wp-content\/uploads\/2025\/05\/pi2-768x72.png 768w\" sizes=\"auto, (max-width: 952px) 100vw, 952px\" \/><\/figure>\n","protected":false},"excerpt":{"rendered":"<p>Profesionales con amplia experiencia En Caler Asesores, somos un despacho formado por un equipo de profesionales con amplia experiencia y dedicados a brindar servicios de asesor\u00eda laboral, asesor\u00eda fiscal y contable, \u00e1rea mercantil, \u00e1rea jur\u00eddica, tramitaciones con organismos p\u00fablicos y adaptaci\u00f3n al Reglamento General de Protecci\u00f3n de Datos. Nuestra filosof\u00eda se basa en proporcionar una&hellip;&nbsp;<a href=\"https:\/\/calerasesores.es\/\" class=\"\" rel=\"bookmark\">Read More &raquo;<span class=\"screen-reader-text\">Homepage<\/span><\/a><\/p>\n","protected":false},"author":1,"featured_media":0,"parent":0,"menu_order":0,"comment_status":"closed","ping_status":"closed","template":"","meta":{"neve_meta_sidebar":"full-width","neve_meta_container":"contained","neve_meta_enable_content_width":"on","neve_meta_content_width":100,"neve_meta_title_alignment":"","neve_meta_author_avatar":"","neve_post_elements_order":"","neve_meta_disable_header":"","neve_meta_disable_footer":"","neve_meta_disable_title":"on","_themeisle_gutenberg_block_has_review":false,"_ti_tpc_template_sync":false,"_ti_tpc_template_id":"98yl5t6s3nicwhomkrmc","footnotes":""},"class_list":["post-426","page","type-page","status-publish","hentry"],"yoast_head":"<!-- This site is optimized with the Yoast SEO plugin v20.8 - https:\/\/yoast.com\/wordpress\/plugins\/seo\/ -->\n<title>Caler Asesores | Asesor\u00eda Integral de Confianza<\/title>\n<meta name=\"description\" content=\"Caler Asesores es un despacho de profesionales con amplia experiencia en asesor\u00eda laboral, fiscal, contable, mercantil, jur\u00eddica, tramitaciones con organismos p\u00fablicos y adaptaci\u00f3n al RGPD. Nuestro enfoque personalizado y orientado a la calidad nos distingue. \u00a1Conf\u00ede en nosotros para obtener soluciones efectivas y estrat\u00e9gicas!\" \/>\n<meta name=\"robots\" content=\"index, follow, max-snippet:-1, max-image-preview:large, max-video-preview:-1\" \/>\n<link rel=\"canonical\" href=\"https:\/\/calerasesores.es\/\" \/>\n<meta property=\"og:locale\" content=\"en_US\" \/>\n<meta property=\"og:type\" content=\"article\" \/>\n<meta property=\"og:title\" content=\"Caler Asesores | Asesor\u00eda Integral de Confianza\" \/>\n<meta property=\"og:description\" content=\"Caler Asesores es un despacho de profesionales con amplia experiencia en asesor\u00eda laboral, fiscal, contable, mercantil, jur\u00eddica, tramitaciones con organismos p\u00fablicos y adaptaci\u00f3n al RGPD. Nuestro enfoque personalizado y orientado a la calidad nos distingue. \u00a1Conf\u00ede en nosotros para obtener soluciones efectivas y estrat\u00e9gicas!\" \/>\n<meta property=\"og:url\" content=\"https:\/\/calerasesores.es\/\" \/>\n<meta property=\"og:site_name\" content=\"Caler Asesores\" \/>\n<meta property=\"article:modified_time\" content=\"2025-05-08T07:44:36+00:00\" \/>\n<meta property=\"og:image\" content=\"https:\/\/calerasesores.es\/wp-content\/uploads\/2023\/06\/inicio_1.jpg\" \/>\n<meta name=\"twitter:card\" content=\"summary_large_image\" \/>\n<meta name=\"twitter:label1\" content=\"Est. reading time\" \/>\n\t<meta name=\"twitter:data1\" content=\"3 minutes\" \/>\n<script type=\"application\/ld+json\" class=\"yoast-schema-graph\">{\"@context\":\"https:\/\/schema.org\",\"@graph\":[{\"@type\":\"WebPage\",\"@id\":\"https:\/\/calerasesores.es\/\",\"url\":\"https:\/\/calerasesores.es\/\",\"name\":\"Caler Asesores | Asesor\u00eda Integral de Confianza\",\"isPartOf\":{\"@id\":\"https:\/\/calerasesores.es\/#website\"},\"datePublished\":\"2021-02-16T11:44:42+00:00\",\"dateModified\":\"2025-05-08T07:44:36+00:00\",\"description\":\"Caler Asesores es un despacho de profesionales con amplia experiencia en asesor\u00eda laboral, fiscal, contable, mercantil, jur\u00eddica, tramitaciones con organismos p\u00fablicos y adaptaci\u00f3n al RGPD. Nuestro enfoque personalizado y orientado a la calidad nos distingue. \u00a1Conf\u00ede en nosotros para obtener soluciones efectivas y estrat\u00e9gicas!\",\"breadcrumb\":{\"@id\":\"https:\/\/calerasesores.es\/#breadcrumb\"},\"inLanguage\":\"en-US\",\"potentialAction\":[{\"@type\":\"ReadAction\",\"target\":[\"https:\/\/calerasesores.es\/\"]}]},{\"@type\":\"BreadcrumbList\",\"@id\":\"https:\/\/calerasesores.es\/#breadcrumb\",\"itemListElement\":[{\"@type\":\"ListItem\",\"position\":1,\"name\":\"Portada\",\"item\":\"https:\/\/calerasesores.es\/?page_id=522&lang=en\"},{\"@type\":\"ListItem\",\"position\":2,\"name\":\"Homepage\"}]},{\"@type\":\"WebSite\",\"@id\":\"https:\/\/calerasesores.es\/#website\",\"url\":\"https:\/\/calerasesores.es\/\",\"name\":\"Caler Asesores\",\"description\":\"Asesor\u00eda integral con calidad y compromiso\",\"publisher\":{\"@id\":\"https:\/\/calerasesores.es\/#organization\"},\"potentialAction\":[{\"@type\":\"SearchAction\",\"target\":{\"@type\":\"EntryPoint\",\"urlTemplate\":\"https:\/\/calerasesores.es\/?s={search_term_string}\"},\"query-input\":\"required name=search_term_string\"}],\"inLanguage\":\"en-US\"},{\"@type\":\"Organization\",\"@id\":\"https:\/\/calerasesores.es\/#organization\",\"name\":\"Caler Asesores\",\"url\":\"https:\/\/calerasesores.es\/\",\"logo\":{\"@type\":\"ImageObject\",\"inLanguage\":\"en-US\",\"@id\":\"https:\/\/calerasesores.es\/#\/schema\/logo\/image\/\",\"url\":\"\",\"contentUrl\":\"\",\"caption\":\"Caler Asesores\"},\"image\":{\"@id\":\"https:\/\/calerasesores.es\/#\/schema\/logo\/image\/\"}}]}<\/script>\n<!-- \/ Yoast SEO plugin. -->","yoast_head_json":{"title":"Caler Asesores | Asesor\u00eda Integral de Confianza","description":"Caler Asesores es un despacho de profesionales con amplia experiencia en asesor\u00eda laboral, fiscal, contable, mercantil, jur\u00eddica, tramitaciones con organismos p\u00fablicos y adaptaci\u00f3n al RGPD. Nuestro enfoque personalizado y orientado a la calidad nos distingue. \u00a1Conf\u00ede en nosotros para obtener soluciones efectivas y estrat\u00e9gicas!","robots":{"index":"index","follow":"follow","max-snippet":"max-snippet:-1","max-image-preview":"max-image-preview:large","max-video-preview":"max-video-preview:-1"},"canonical":"https:\/\/calerasesores.es\/","og_locale":"en_US","og_type":"article","og_title":"Caler Asesores | Asesor\u00eda Integral de Confianza","og_description":"Caler Asesores es un despacho de profesionales con amplia experiencia en asesor\u00eda laboral, fiscal, contable, mercantil, jur\u00eddica, tramitaciones con organismos p\u00fablicos y adaptaci\u00f3n al RGPD. Nuestro enfoque personalizado y orientado a la calidad nos distingue. \u00a1Conf\u00ede en nosotros para obtener soluciones efectivas y estrat\u00e9gicas!","og_url":"https:\/\/calerasesores.es\/","og_site_name":"Caler Asesores","article_modified_time":"2025-05-08T07:44:36+00:00","og_image":[{"url":"https:\/\/calerasesores.es\/wp-content\/uploads\/2023\/06\/inicio_1.jpg"}],"twitter_card":"summary_large_image","twitter_misc":{"Est. reading time":"3 minutes"},"schema":{"@context":"https:\/\/schema.org","@graph":[{"@type":"WebPage","@id":"https:\/\/calerasesores.es\/","url":"https:\/\/calerasesores.es\/","name":"Caler Asesores | Asesor\u00eda Integral de Confianza","isPartOf":{"@id":"https:\/\/calerasesores.es\/#website"},"datePublished":"2021-02-16T11:44:42+00:00","dateModified":"2025-05-08T07:44:36+00:00","description":"Caler Asesores es un despacho de profesionales con amplia experiencia en asesor\u00eda laboral, fiscal, contable, mercantil, jur\u00eddica, tramitaciones con organismos p\u00fablicos y adaptaci\u00f3n al RGPD. Nuestro enfoque personalizado y orientado a la calidad nos distingue. \u00a1Conf\u00ede en nosotros para obtener soluciones efectivas y estrat\u00e9gicas!","breadcrumb":{"@id":"https:\/\/calerasesores.es\/#breadcrumb"},"inLanguage":"en-US","potentialAction":[{"@type":"ReadAction","target":["https:\/\/calerasesores.es\/"]}]},{"@type":"BreadcrumbList","@id":"https:\/\/calerasesores.es\/#breadcrumb","itemListElement":[{"@type":"ListItem","position":1,"name":"Portada","item":"https:\/\/calerasesores.es\/?page_id=522&lang=en"},{"@type":"ListItem","position":2,"name":"Homepage"}]},{"@type":"WebSite","@id":"https:\/\/calerasesores.es\/#website","url":"https:\/\/calerasesores.es\/","name":"Caler Asesores","description":"Asesor\u00eda integral con calidad y compromiso","publisher":{"@id":"https:\/\/calerasesores.es\/#organization"},"potentialAction":[{"@type":"SearchAction","target":{"@type":"EntryPoint","urlTemplate":"https:\/\/calerasesores.es\/?s={search_term_string}"},"query-input":"required name=search_term_string"}],"inLanguage":"en-US"},{"@type":"Organization","@id":"https:\/\/calerasesores.es\/#organization","name":"Caler Asesores","url":"https:\/\/calerasesores.es\/","logo":{"@type":"ImageObject","inLanguage":"en-US","@id":"https:\/\/calerasesores.es\/#\/schema\/logo\/image\/","url":"","contentUrl":"","caption":"Caler Asesores"},"image":{"@id":"https:\/\/calerasesores.es\/#\/schema\/logo\/image\/"}}]}},"_links":{"self":[{"href":"https:\/\/calerasesores.es\/index.php?rest_route=\/wp\/v2\/pages\/426","targetHints":{"allow":["GET"]}}],"collection":[{"href":"https:\/\/calerasesores.es\/index.php?rest_route=\/wp\/v2\/pages"}],"about":[{"href":"https:\/\/calerasesores.es\/index.php?rest_route=\/wp\/v2\/types\/page"}],"author":[{"embeddable":true,"href":"https:\/\/calerasesores.es\/index.php?rest_route=\/wp\/v2\/users\/1"}],"replies":[{"embeddable":true,"href":"https:\/\/calerasesores.es\/index.php?rest_route=%2Fwp%2Fv2%2Fcomments&post=426"}],"version-history":[{"count":7,"href":"https:\/\/calerasesores.es\/index.php?rest_route=\/wp\/v2\/pages\/426\/revisions"}],"predecessor-version":[{"id":584,"href":"https:\/\/calerasesores.es\/index.php?rest_route=\/wp\/v2\/pages\/426\/revisions\/584"}],"wp:attachment":[{"href":"https:\/\/calerasesores.es\/index.php?rest_route=%2Fwp%2Fv2%2Fmedia&parent=426"}],"curies":[{"name":"wp","href":"https:\/\/api.w.org\/{rel}","templated":true}]}}