{"id":476,"date":"2023-06-02T11:22:48","date_gmt":"2023-06-02T11:22:48","guid":{"rendered":"https:\/\/calerasesores.es\/?page_id=476"},"modified":"2023-06-02T14:38:23","modified_gmt":"2023-06-02T14:38:23","slug":"nosotros","status":"publish","type":"page","link":"https:\/\/calerasesores.es\/?page_id=476","title":{"rendered":"Nosotros"},"content":{"rendered":"\n<div class=\"wp-block-cover alignfull is-repeated\" style=\"min-height:600px;aspect-ratio:unset;\"><span aria-hidden=\"true\" class=\"wp-block-cover__background has-nv-site-bg-background-color has-background-dim-0 has-background-dim\"><\/span><div role=\"img\" class=\"wp-block-cover__image-background wp-image-483 is-repeated\" style=\"background-position:50% 50%;background-image:url(https:\/\/calerasesores.es\/wp-content\/uploads\/2023\/06\/fondo_nosotros-1.png)\"><\/div><div class=\"wp-block-cover__inner-container is-layout-flow wp-block-cover-is-layout-flow\">\n<div style=\"height:40px\" aria-hidden=\"true\" class=\"wp-block-spacer\"><\/div>\n\n\n\n<div class=\"wp-block-columns are-vertically-aligned-center is-layout-flex wp-container-core-columns-is-layout-9d6595d7 wp-block-columns-is-layout-flex\">\n<div class=\"wp-block-column is-vertically-aligned-center is-layout-flow wp-block-column-is-layout-flow\" style=\"flex-basis:100%\">\n<h1 class=\"wp-block-heading has-text-align-left\" style=\"font-size:56px\">Equipo de Profesionales<br>con Amplia Experiencia<\/h1>\n\n\n\n<p><\/p>\n\n\n\n<p class=\"has-text-align-left\" style=\"font-size:1.125em\">Nuestra firma se ha consolidado como un referente en el sector.<\/p>\n\n\n\n<div class=\"wp-block-buttons is-layout-flex wp-block-buttons-is-layout-flex\">\n<div class=\"wp-block-button is-style-primary\"><a class=\"wp-block-button__link wp-element-button\" href=\"https:\/\/calerasesores.es\/?page_id=398\">Contacto<\/a><\/div>\n<\/div>\n<\/div>\n\n\n\n<div class=\"wp-block-column is-vertically-aligned-center is-layout-flow wp-block-column-is-layout-flow\" style=\"flex-basis:30%\">\n<p><\/p>\n<\/div>\n<\/div>\n\n\n\n<div style=\"height:40px\" aria-hidden=\"true\" class=\"wp-block-spacer\"><\/div>\n<\/div><\/div>\n\n\n\n<div style=\"height:40px\" aria-hidden=\"true\" class=\"wp-block-spacer\"><\/div>\n\n\n\n<div class=\"wp-block-columns is-layout-flex wp-container-core-columns-is-layout-9d6595d7 wp-block-columns-is-layout-flex\">\n<div class=\"wp-block-column is-vertically-aligned-center is-layout-flow wp-block-column-is-layout-flow\"><div class=\"wp-block-image\">\n<figure class=\"aligncenter size-full\"><img loading=\"lazy\" decoding=\"async\" width=\"526\" height=\"526\" src=\"https:\/\/calerasesores.es\/wp-content\/uploads\/2023\/06\/imagen_9.jpg\" alt=\"\" class=\"wp-image-514\" srcset=\"https:\/\/calerasesores.es\/wp-content\/uploads\/2023\/06\/imagen_9.jpg 526w, https:\/\/calerasesores.es\/wp-content\/uploads\/2023\/06\/imagen_9-300x300.jpg 300w, https:\/\/calerasesores.es\/wp-content\/uploads\/2023\/06\/imagen_9-150x150.jpg 150w\" sizes=\"auto, (max-width: 526px) 100vw, 526px\" \/><\/figure>\n<\/div><\/div>\n\n\n\n<div class=\"wp-block-column is-vertically-aligned-center is-layout-flow wp-block-column-is-layout-flow\">\n<h2 class=\"wp-block-heading\">Equipo de Profesionales altamente cualificados<\/h2>\n\n\n\n<p>En Caler Asesores, contamos con un equipo de profesionales altamente cualificados y con amplia experiencia en el campo de la asesor\u00eda. Nuestra firma se ha consolidado como un referente en el sector, brindando servicios de calidad en asesor\u00eda laboral, asesor\u00eda fiscal y contable, \u00e1rea mercantil, \u00e1rea jur\u00eddica, tramitaciones con organismos p\u00fablicos y adaptaci\u00f3n al Reglamento General de Protecci\u00f3n de Datos.<\/p>\n\n\n\n<p>Nuestra misi\u00f3n es proporcionar un servicio integral y personalizado a nuestros clientes, basado en un profundo conocimiento de las necesidades y retos que enfrentan. Creemos en la importancia de establecer relaciones de confianza y duraderas con cada uno de ellos, comprendiendo sus objetivos y brindando soluciones a medida.<\/p>\n\n\n\n<p>En Caler Asesores, nos caracterizamos por nuestra orientaci\u00f3n al cliente y nuestra dedicaci\u00f3n para ofrecer resultados excepcionales. Valoramos la independencia en nuestro trabajo, lo que nos permite actuar con imparcialidad y en beneficio de nuestros clientes en todo momento.<\/p>\n\n\n\n<p>.<\/p>\n\n\n\n<div class=\"wp-block-buttons is-layout-flex wp-block-buttons-is-layout-flex\">\n<div class=\"wp-block-button is-style-secondary\"><a class=\"wp-block-button__link wp-element-button\" href=\"https:\/\/calerasesores.es\/?page_id=398\">Contacto<\/a><\/div>\n<\/div>\n<\/div>\n<\/div>\n\n\n\n<div style=\"height:20px\" aria-hidden=\"true\" class=\"wp-block-spacer\"><\/div>\n\n\n\n<div class=\"wp-block-columns are-vertically-aligned-top is-layout-flex wp-container-core-columns-is-layout-9d6595d7 wp-block-columns-is-layout-flex\">\n<div class=\"wp-block-column is-vertically-aligned-top is-layout-flow wp-block-column-is-layout-flow\">\n<figure class=\"wp-block-image size-full\"><img loading=\"lazy\" decoding=\"async\" width=\"526\" height=\"526\" src=\"https:\/\/calerasesores.es\/wp-content\/uploads\/2023\/06\/imagen_11.jpg\" alt=\"\" class=\"wp-image-513\" srcset=\"https:\/\/calerasesores.es\/wp-content\/uploads\/2023\/06\/imagen_11.jpg 526w, https:\/\/calerasesores.es\/wp-content\/uploads\/2023\/06\/imagen_11-300x300.jpg 300w, https:\/\/calerasesores.es\/wp-content\/uploads\/2023\/06\/imagen_11-150x150.jpg 150w\" sizes=\"auto, (max-width: 526px) 100vw, 526px\" \/><\/figure>\n\n\n\n<div style=\"height:16px\" aria-hidden=\"true\" class=\"wp-block-spacer\"><\/div>\n\n\n\n<h3 class=\"wp-block-heading\">Diferentes \u00e1reas<\/h3>\n\n\n\n<p>Nuestro equipo est\u00e1 compuesto por expertos en diferentes \u00e1reas, lo que nos permite abordar de manera integral los desaf\u00edos que puedan surgir en la gesti\u00f3n empresarial. Trabajamos de la mano de nuestros clientes, asesor\u00e1ndolos y acompa\u00f1\u00e1ndolos en cada paso, para ayudarles a tomar decisiones informadas y estrat\u00e9gicas que impulsen el \u00e9xito de sus negocios.<\/p>\n<\/div>\n\n\n\n<div class=\"wp-block-column is-vertically-aligned-top is-layout-flow wp-block-column-is-layout-flow\">\n<figure class=\"wp-block-image size-full\"><img loading=\"lazy\" decoding=\"async\" width=\"526\" height=\"526\" src=\"https:\/\/calerasesores.es\/wp-content\/uploads\/2023\/06\/imagen_10.jpg\" alt=\"\" class=\"wp-image-512\" srcset=\"https:\/\/calerasesores.es\/wp-content\/uploads\/2023\/06\/imagen_10.jpg 526w, https:\/\/calerasesores.es\/wp-content\/uploads\/2023\/06\/imagen_10-300x300.jpg 300w, https:\/\/calerasesores.es\/wp-content\/uploads\/2023\/06\/imagen_10-150x150.jpg 150w\" sizes=\"auto, (max-width: 526px) 100vw, 526px\" \/><\/figure>\n\n\n\n<div style=\"height:16px\" aria-hidden=\"true\" class=\"wp-block-spacer\"><\/div>\n\n\n\n<h3 class=\"wp-block-heading\">Actualizados<\/h3>\n\n\n\n<p>En Caler Asesores, nos mantenemos actualizados sobre los cambios legales y normativos que afectan a nuestros clientes, garantizando que reciben el asesoramiento m\u00e1s actualizado y preciso. Nuestra dedicaci\u00f3n y compromiso nos han permitido establecer relaciones s\u00f3lidas y duraderas con una amplia base de clientes satisfechos.<\/p>\n<\/div>\n\n\n\n<div class=\"wp-block-column is-vertically-aligned-top is-layout-flow wp-block-column-is-layout-flow\">\n<figure class=\"wp-block-image size-full\"><img loading=\"lazy\" decoding=\"async\" width=\"526\" height=\"526\" src=\"https:\/\/calerasesores.es\/wp-content\/uploads\/2023\/06\/imagen_12.jpg\" alt=\"\" class=\"wp-image-516\" srcset=\"https:\/\/calerasesores.es\/wp-content\/uploads\/2023\/06\/imagen_12.jpg 526w, https:\/\/calerasesores.es\/wp-content\/uploads\/2023\/06\/imagen_12-300x300.jpg 300w, https:\/\/calerasesores.es\/wp-content\/uploads\/2023\/06\/imagen_12-150x150.jpg 150w\" sizes=\"auto, (max-width: 526px) 100vw, 526px\" \/><\/figure>\n\n\n\n<div style=\"height:16px\" aria-hidden=\"true\" class=\"wp-block-spacer\"><\/div>\n\n\n\n<h3 class=\"wp-block-heading\">Confianza<\/h3>\n\n\n\n<p>Conf\u00ede en Caler Asesores para obtener un servicio de asesor\u00eda completo, profesional y adaptado a sus necesidades. Estamos aqu\u00ed para brindarle el apoyo necesario y convertirnos en su aliado estrat\u00e9gico en el \u00e1mbito de la asesor\u00eda integral.<\/p>\n<\/div>\n<\/div>\n\n\n\n<div style=\"height:40px\" aria-hidden=\"true\" class=\"wp-block-spacer\"><\/div>\n","protected":false},"excerpt":{"rendered":"<p>Equipo de Profesionales altamente cualificados En Caler Asesores, contamos con un equipo de profesionales altamente cualificados y con amplia experiencia en el campo de la asesor\u00eda. Nuestra firma se ha consolidado como un referente en el sector, brindando servicios de calidad en asesor\u00eda laboral, asesor\u00eda fiscal y contable, \u00e1rea mercantil, \u00e1rea jur\u00eddica, tramitaciones con organismos&hellip;&nbsp;<a href=\"https:\/\/calerasesores.es\/?page_id=476\" class=\"\" rel=\"bookmark\">Read More &raquo;<span class=\"screen-reader-text\">Nosotros<\/span><\/a><\/p>\n","protected":false},"author":1,"featured_media":0,"parent":0,"menu_order":0,"comment_status":"closed","ping_status":"closed","template":"","meta":{"neve_meta_sidebar":"full-width","neve_meta_container":"contained","neve_meta_enable_content_width":"on","neve_meta_content_width":100,"neve_meta_title_alignment":"","neve_meta_author_avatar":"","neve_post_elements_order":"","neve_meta_disable_header":"","neve_meta_disable_footer":"","neve_meta_disable_title":"on","_themeisle_gutenberg_block_has_review":false,"_ti_tpc_template_sync":false,"_ti_tpc_template_id":"98yl5t6s3nicwhomkrmc","footnotes":""},"class_list":["post-476","page","type-page","status-publish","hentry"],"yoast_head":"<!-- This site is optimized with the Yoast SEO plugin v20.8 - https:\/\/yoast.com\/wordpress\/plugins\/seo\/ -->\n<title>Nosotros | Caler Asesores - Expertos en Asesor\u00eda Integral<\/title>\n<meta name=\"description\" content=\"Conozca a nuestro equipo de profesionales altamente capacitados y experimentados en asesor\u00eda laboral, fiscal, contable, mercantil, jur\u00eddica, tramitaciones con organismos p\u00fablicos y adaptaci\u00f3n al RGPD. Descubra nuestra filosof\u00eda de atenci\u00f3n personalizada y compromiso con la calidad en cada interacci\u00f3n con nuestros clientes.\" \/>\n<meta name=\"robots\" content=\"index, follow, max-snippet:-1, max-image-preview:large, max-video-preview:-1\" \/>\n<link rel=\"canonical\" href=\"https:\/\/calerasesores.es\/?page_id=476\" \/>\n<meta property=\"og:locale\" content=\"en_US\" \/>\n<meta property=\"og:type\" content=\"article\" \/>\n<meta property=\"og:title\" content=\"Nosotros | Caler Asesores - Expertos en Asesor\u00eda Integral\" \/>\n<meta property=\"og:description\" content=\"Conozca a nuestro equipo de profesionales altamente capacitados y experimentados en asesor\u00eda laboral, fiscal, contable, mercantil, jur\u00eddica, tramitaciones con organismos p\u00fablicos y adaptaci\u00f3n al RGPD. Descubra nuestra filosof\u00eda de atenci\u00f3n personalizada y compromiso con la calidad en cada interacci\u00f3n con nuestros clientes.\" \/>\n<meta property=\"og:url\" content=\"https:\/\/calerasesores.es\/?page_id=476\" \/>\n<meta property=\"og:site_name\" content=\"Caler Asesores\" \/>\n<meta property=\"article:modified_time\" content=\"2023-06-02T14:38:23+00:00\" \/>\n<meta property=\"og:image\" content=\"https:\/\/calerasesores.es\/wp-content\/uploads\/2023\/06\/imagen_9.jpg\" \/>\n<meta name=\"twitter:card\" content=\"summary_large_image\" \/>\n<meta name=\"twitter:label1\" content=\"Est. reading time\" \/>\n\t<meta name=\"twitter:data1\" content=\"3 minutes\" \/>\n<script type=\"application\/ld+json\" class=\"yoast-schema-graph\">{\"@context\":\"https:\/\/schema.org\",\"@graph\":[{\"@type\":\"WebPage\",\"@id\":\"https:\/\/calerasesores.es\/?page_id=476\",\"url\":\"https:\/\/calerasesores.es\/?page_id=476\",\"name\":\"Nosotros | Caler Asesores - Expertos en Asesor\u00eda Integral\",\"isPartOf\":{\"@id\":\"https:\/\/calerasesores.es\/#website\"},\"datePublished\":\"2023-06-02T11:22:48+00:00\",\"dateModified\":\"2023-06-02T14:38:23+00:00\",\"description\":\"Conozca a nuestro equipo de profesionales altamente capacitados y experimentados en asesor\u00eda laboral, fiscal, contable, mercantil, jur\u00eddica, tramitaciones con organismos p\u00fablicos y adaptaci\u00f3n al RGPD. Descubra nuestra filosof\u00eda de atenci\u00f3n personalizada y compromiso con la calidad en cada interacci\u00f3n con nuestros clientes.\",\"breadcrumb\":{\"@id\":\"https:\/\/calerasesores.es\/?page_id=476#breadcrumb\"},\"inLanguage\":\"en-US\",\"potentialAction\":[{\"@type\":\"ReadAction\",\"target\":[\"https:\/\/calerasesores.es\/?page_id=476\"]}]},{\"@type\":\"BreadcrumbList\",\"@id\":\"https:\/\/calerasesores.es\/?page_id=476#breadcrumb\",\"itemListElement\":[{\"@type\":\"ListItem\",\"position\":1,\"name\":\"Portada\",\"item\":\"https:\/\/calerasesores.es\/?page_id=522&lang=en\"},{\"@type\":\"ListItem\",\"position\":2,\"name\":\"Nosotros\"}]},{\"@type\":\"WebSite\",\"@id\":\"https:\/\/calerasesores.es\/#website\",\"url\":\"https:\/\/calerasesores.es\/\",\"name\":\"Caler Asesores\",\"description\":\"Asesor\u00eda integral con calidad y compromiso\",\"publisher\":{\"@id\":\"https:\/\/calerasesores.es\/#organization\"},\"potentialAction\":[{\"@type\":\"SearchAction\",\"target\":{\"@type\":\"EntryPoint\",\"urlTemplate\":\"https:\/\/calerasesores.es\/?s={search_term_string}\"},\"query-input\":\"required name=search_term_string\"}],\"inLanguage\":\"en-US\"},{\"@type\":\"Organization\",\"@id\":\"https:\/\/calerasesores.es\/#organization\",\"name\":\"Caler Asesores\",\"url\":\"https:\/\/calerasesores.es\/\",\"logo\":{\"@type\":\"ImageObject\",\"inLanguage\":\"en-US\",\"@id\":\"https:\/\/calerasesores.es\/#\/schema\/logo\/image\/\",\"url\":\"\",\"contentUrl\":\"\",\"caption\":\"Caler Asesores\"},\"image\":{\"@id\":\"https:\/\/calerasesores.es\/#\/schema\/logo\/image\/\"}}]}<\/script>\n<!-- \/ Yoast SEO plugin. -->","yoast_head_json":{"title":"Nosotros | Caler Asesores - Expertos en Asesor\u00eda Integral","description":"Conozca a nuestro equipo de profesionales altamente capacitados y experimentados en asesor\u00eda laboral, fiscal, contable, mercantil, jur\u00eddica, tramitaciones con organismos p\u00fablicos y adaptaci\u00f3n al RGPD. Descubra nuestra filosof\u00eda de atenci\u00f3n personalizada y compromiso con la calidad en cada interacci\u00f3n con nuestros clientes.","robots":{"index":"index","follow":"follow","max-snippet":"max-snippet:-1","max-image-preview":"max-image-preview:large","max-video-preview":"max-video-preview:-1"},"canonical":"https:\/\/calerasesores.es\/?page_id=476","og_locale":"en_US","og_type":"article","og_title":"Nosotros | Caler Asesores - Expertos en Asesor\u00eda Integral","og_description":"Conozca a nuestro equipo de profesionales altamente capacitados y experimentados en asesor\u00eda laboral, fiscal, contable, mercantil, jur\u00eddica, tramitaciones con organismos p\u00fablicos y adaptaci\u00f3n al RGPD. Descubra nuestra filosof\u00eda de atenci\u00f3n personalizada y compromiso con la calidad en cada interacci\u00f3n con nuestros clientes.","og_url":"https:\/\/calerasesores.es\/?page_id=476","og_site_name":"Caler Asesores","article_modified_time":"2023-06-02T14:38:23+00:00","og_image":[{"url":"https:\/\/calerasesores.es\/wp-content\/uploads\/2023\/06\/imagen_9.jpg"}],"twitter_card":"summary_large_image","twitter_misc":{"Est. reading time":"3 minutes"},"schema":{"@context":"https:\/\/schema.org","@graph":[{"@type":"WebPage","@id":"https:\/\/calerasesores.es\/?page_id=476","url":"https:\/\/calerasesores.es\/?page_id=476","name":"Nosotros | Caler Asesores - Expertos en Asesor\u00eda Integral","isPartOf":{"@id":"https:\/\/calerasesores.es\/#website"},"datePublished":"2023-06-02T11:22:48+00:00","dateModified":"2023-06-02T14:38:23+00:00","description":"Conozca a nuestro equipo de profesionales altamente capacitados y experimentados en asesor\u00eda laboral, fiscal, contable, mercantil, jur\u00eddica, tramitaciones con organismos p\u00fablicos y adaptaci\u00f3n al RGPD. Descubra nuestra filosof\u00eda de atenci\u00f3n personalizada y compromiso con la calidad en cada interacci\u00f3n con nuestros clientes.","breadcrumb":{"@id":"https:\/\/calerasesores.es\/?page_id=476#breadcrumb"},"inLanguage":"en-US","potentialAction":[{"@type":"ReadAction","target":["https:\/\/calerasesores.es\/?page_id=476"]}]},{"@type":"BreadcrumbList","@id":"https:\/\/calerasesores.es\/?page_id=476#breadcrumb","itemListElement":[{"@type":"ListItem","position":1,"name":"Portada","item":"https:\/\/calerasesores.es\/?page_id=522&lang=en"},{"@type":"ListItem","position":2,"name":"Nosotros"}]},{"@type":"WebSite","@id":"https:\/\/calerasesores.es\/#website","url":"https:\/\/calerasesores.es\/","name":"Caler Asesores","description":"Asesor\u00eda integral con calidad y compromiso","publisher":{"@id":"https:\/\/calerasesores.es\/#organization"},"potentialAction":[{"@type":"SearchAction","target":{"@type":"EntryPoint","urlTemplate":"https:\/\/calerasesores.es\/?s={search_term_string}"},"query-input":"required name=search_term_string"}],"inLanguage":"en-US"},{"@type":"Organization","@id":"https:\/\/calerasesores.es\/#organization","name":"Caler Asesores","url":"https:\/\/calerasesores.es\/","logo":{"@type":"ImageObject","inLanguage":"en-US","@id":"https:\/\/calerasesores.es\/#\/schema\/logo\/image\/","url":"","contentUrl":"","caption":"Caler Asesores"},"image":{"@id":"https:\/\/calerasesores.es\/#\/schema\/logo\/image\/"}}]}},"_links":{"self":[{"href":"https:\/\/calerasesores.es\/index.php?rest_route=\/wp\/v2\/pages\/476","targetHints":{"allow":["GET"]}}],"collection":[{"href":"https:\/\/calerasesores.es\/index.php?rest_route=\/wp\/v2\/pages"}],"about":[{"href":"https:\/\/calerasesores.es\/index.php?rest_route=\/wp\/v2\/types\/page"}],"author":[{"embeddable":true,"href":"https:\/\/calerasesores.es\/index.php?rest_route=\/wp\/v2\/users\/1"}],"replies":[{"embeddable":true,"href":"https:\/\/calerasesores.es\/index.php?rest_route=%2Fwp%2Fv2%2Fcomments&post=476"}],"version-history":[{"count":4,"href":"https:\/\/calerasesores.es\/index.php?rest_route=\/wp\/v2\/pages\/476\/revisions"}],"predecessor-version":[{"id":559,"href":"https:\/\/calerasesores.es\/index.php?rest_route=\/wp\/v2\/pages\/476\/revisions\/559"}],"wp:attachment":[{"href":"https:\/\/calerasesores.es\/index.php?rest_route=%2Fwp%2Fv2%2Fmedia&parent=476"}],"curies":[{"name":"wp","href":"https:\/\/api.w.org\/{rel}","templated":true}]}}