{"id":522,"date":"2023-06-02T12:07:44","date_gmt":"2023-06-02T12:07:44","guid":{"rendered":"https:\/\/calerasesores.es\/?page_id=522"},"modified":"2025-05-08T07:43:52","modified_gmt":"2025-05-08T07:43:52","slug":"homepage","status":"publish","type":"page","link":"https:\/\/calerasesores.es\/?page_id=522&lang=en","title":{"rendered":"Homepage"},"content":{"rendered":"\n<div class=\"wp-block-cover alignfull is-repeated\" style=\"min-height:600px;aspect-ratio:unset;\"><div class=\"wp-block-cover__image-background wp-image-455 is-repeated\" style=\"background-position:50% 50%;background-image:url(https:\/\/calerasesores.es\/wp-content\/uploads\/2023\/06\/fondo.png)\"><\/div><span aria-hidden=\"true\" class=\"wp-block-cover__background has-nv-site-bg-background-color has-background-dim-0 has-background-dim\"><\/span><div class=\"wp-block-cover__inner-container is-layout-flow wp-block-cover-is-layout-flow\">\n<div style=\"height:40px\" aria-hidden=\"true\" class=\"wp-block-spacer\"><\/div>\n\n\n\n<div class=\"wp-block-columns are-vertically-aligned-center is-layout-flex wp-container-core-columns-is-layout-9d6595d7 wp-block-columns-is-layout-flex\">\n<div class=\"wp-block-column is-vertically-aligned-center is-layout-flow wp-block-column-is-layout-flow\" style=\"flex-basis:100%\">\n<h1 class=\"wp-block-heading has-text-align-left\" style=\"font-size:56px\">Comprehensive advice <\/h1>\n\n\n\n<h1 class=\"wp-block-heading has-text-align-left\" style=\"font-size:56px\">with Quality and Commitment <\/h1>\n\n\n\n<h1 class=\"wp-block-heading has-text-align-left\" style=\"font-size:56px\"><\/h1>\n\n\n\n<p class=\"has-text-align-left\" style=\"font-size:1.125em\">Our philosophy is based on providing personalized and quality attention to our clients.<\/p>\n\n\n\n<div class=\"wp-block-buttons is-layout-flex wp-block-buttons-is-layout-flex\">\n<div class=\"wp-block-button is-style-primary\"><a class=\"wp-block-button__link wp-element-button\" href=\"https:\/\/calerasesores.es\/?page_id=521&amp;lang=en\">Contact<\/a><\/div>\n<\/div>\n<\/div>\n\n\n\n<div class=\"wp-block-column is-vertically-aligned-center is-layout-flow wp-block-column-is-layout-flow\" style=\"flex-basis:30%\">\n<p><\/p>\n<\/div>\n<\/div>\n\n\n\n<div style=\"height:40px\" aria-hidden=\"true\" class=\"wp-block-spacer\"><\/div>\n<\/div><\/div>\n\n\n\n<div style=\"height:40px\" aria-hidden=\"true\" class=\"wp-block-spacer\"><\/div>\n\n\n\n<div class=\"wp-block-columns is-layout-flex wp-container-core-columns-is-layout-9d6595d7 wp-block-columns-is-layout-flex\">\n<div class=\"wp-block-column is-vertically-aligned-center is-layout-flow wp-block-column-is-layout-flow\"><div class=\"wp-block-image\">\n<figure class=\"aligncenter size-full\"><img loading=\"lazy\" decoding=\"async\" width=\"950\" height=\"800\" src=\"https:\/\/calerasesores.es\/wp-content\/uploads\/2023\/06\/inicio_1.jpg\" alt=\"\" class=\"wp-image-452\" srcset=\"https:\/\/calerasesores.es\/wp-content\/uploads\/2023\/06\/inicio_1.jpg 950w, https:\/\/calerasesores.es\/wp-content\/uploads\/2023\/06\/inicio_1-300x253.jpg 300w, https:\/\/calerasesores.es\/wp-content\/uploads\/2023\/06\/inicio_1-768x647.jpg 768w\" sizes=\"auto, (max-width: 950px) 100vw, 950px\" \/><\/figure>\n<\/div><\/div>\n\n\n\n<div class=\"wp-block-column is-vertically-aligned-center is-layout-flow wp-block-column-is-layout-flow\">\n<h2 class=\"wp-block-heading\">Professionals with extensive experience<\/h2>\n\n\n\n<p>At Caler Asesores, we are a firm made up of a team of professionals with extensive experience and dedicated to providing employment consulting services, tax and accounting advice, the commercial area, the legal area, procedures with public bodies and adaptation to the General Data Protection Regulation.<\/p>\n\n\n\n<p>Our philosophy is based on providing personalized and quality attention to our clients, with an independent approach that guarantees excellence in each consultation. We are committed to understanding the needs and goals of each client to provide tailored and effective solutions.<\/p>\n\n\n\n<p>.<\/p>\n\n\n\n<div class=\"wp-block-buttons is-layout-flex wp-block-buttons-is-layout-flex\">\n<div class=\"wp-block-button is-style-secondary\"><a class=\"wp-block-button__link wp-element-button\" href=\"https:\/\/calerasesores.es\/?page_id=521&amp;lang=en\">Contact<\/a><\/div>\n<\/div>\n<\/div>\n<\/div>\n\n\n\n<div style=\"height:20px\" aria-hidden=\"true\" class=\"wp-block-spacer\"><\/div>\n\n\n\n<div class=\"wp-block-columns are-vertically-aligned-top is-layout-flex wp-container-core-columns-is-layout-9d6595d7 wp-block-columns-is-layout-flex\">\n<div class=\"wp-block-column is-vertically-aligned-top is-layout-flow wp-block-column-is-layout-flow\">\n<figure class=\"wp-block-image size-full\"><img loading=\"lazy\" decoding=\"async\" width=\"526\" height=\"526\" src=\"https:\/\/calerasesores.es\/wp-content\/uploads\/2023\/06\/personalizada.jpg\" alt=\"\" class=\"wp-image-460\" srcset=\"https:\/\/calerasesores.es\/wp-content\/uploads\/2023\/06\/personalizada.jpg 526w, https:\/\/calerasesores.es\/wp-content\/uploads\/2023\/06\/personalizada-300x300.jpg 300w, https:\/\/calerasesores.es\/wp-content\/uploads\/2023\/06\/personalizada-150x150.jpg 150w\" sizes=\"auto, (max-width: 526px) 100vw, 526px\" \/><\/figure>\n\n\n\n<div style=\"height:16px\" aria-hidden=\"true\" class=\"wp-block-spacer\"><\/div>\n\n\n\n<h3 class=\"wp-block-heading\">Personalized attention<\/h3>\n\n\n\n<p>At Caler Asesores, we understand that each client is unique and has specific needs. That is why we are proud to offer a personalized attention approach in all our services. We strive to establish a close relationship with each client, listening carefully to their goals and challenges to provide tailored and effective solutions.<\/p>\n<\/div>\n\n\n\n<div class=\"wp-block-column is-vertically-aligned-top is-layout-flow wp-block-column-is-layout-flow\">\n<figure class=\"wp-block-image size-full\"><img loading=\"lazy\" decoding=\"async\" width=\"526\" height=\"526\" src=\"https:\/\/calerasesores.es\/wp-content\/uploads\/2023\/06\/calidad.jpg\" alt=\"\" class=\"wp-image-463\" srcset=\"https:\/\/calerasesores.es\/wp-content\/uploads\/2023\/06\/calidad.jpg 526w, https:\/\/calerasesores.es\/wp-content\/uploads\/2023\/06\/calidad-300x300.jpg 300w, https:\/\/calerasesores.es\/wp-content\/uploads\/2023\/06\/calidad-150x150.jpg 150w\" sizes=\"auto, (max-width: 526px) 100vw, 526px\" \/><\/figure>\n\n\n\n<div style=\"height:16px\" aria-hidden=\"true\" class=\"wp-block-spacer\"><\/div>\n\n\n\n<h3 class=\"wp-block-heading\">Quality<\/h3>\n\n\n\n<p>At Caler Asesores, we are proud to offer advisory services of the highest quality. Our commitment to excellence drives us to provide our clients with precise and strategic solutions in all areas of advice. <\/p>\n<\/div>\n\n\n\n<div class=\"wp-block-column is-vertically-aligned-top is-layout-flow wp-block-column-is-layout-flow\">\n<figure class=\"wp-block-image size-full\"><img loading=\"lazy\" decoding=\"async\" width=\"526\" height=\"526\" src=\"https:\/\/calerasesores.es\/wp-content\/uploads\/2023\/06\/atencion-personalizada_1_1.jpg\" alt=\"\" class=\"wp-image-464\" srcset=\"https:\/\/calerasesores.es\/wp-content\/uploads\/2023\/06\/atencion-personalizada_1_1.jpg 526w, https:\/\/calerasesores.es\/wp-content\/uploads\/2023\/06\/atencion-personalizada_1_1-300x300.jpg 300w, https:\/\/calerasesores.es\/wp-content\/uploads\/2023\/06\/atencion-personalizada_1_1-150x150.jpg 150w\" sizes=\"auto, (max-width: 526px) 100vw, 526px\" \/><\/figure>\n\n\n\n<div style=\"height:16px\" aria-hidden=\"true\" class=\"wp-block-spacer\"><\/div>\n\n\n\n<h3 class=\"wp-block-heading\">Simplicity and agility<\/h3>\n\n\n\n<p>We simplify your needs in labor, tax, accounting, commercial, legal and data protection advice. With us, you will obtain agile and effective solutions, without unnecessary complications. Our team of experts will guide you at every step, providing you with a transparent and quality service. Simplify your path to business success with Caler Asesores.<\/p>\n<\/div>\n<\/div>\n\n\n\n<div style=\"height:40px\" aria-hidden=\"true\" class=\"wp-block-spacer\"><\/div>\n\n\n\n<p>CALER ASESORES S.L. ha recibido una ayuda de 1.700 \u20ac para adquisici\u00f3n de veh\u00edculo el\u00e9ctrico de la Uni\u00f3n Europea con cargo al Fondo NextGenerationEU, en el marco del Plan de Recuperaci\u00f3n, Transformaci\u00f3n y Resiliencia, para la adquisici\u00f3n de veh\u00edculos l\u00e9ctricos &#8220;enchufables&#8221; y de pila combustible dentro del Programa de incentivos a la movilidad eficiente y sostenible (Programa MOVES III Veh\u00edculos Comunitat Valenciana) del Ministerio para la Transici\u00f3n Ecol\u00f3gica y el Reto Demogr\u00e1fico a trav\u00e9s del IDEA, gestionado por el Instituto Valenciano de Competitividad Empresarial (IVACE)<\/p>\n\n\n\n<figure class=\"wp-block-image size-full\"><img loading=\"lazy\" decoding=\"async\" width=\"952\" height=\"89\" src=\"https:\/\/calerasesores.es\/wp-content\/uploads\/2025\/05\/pi2.png\" alt=\"\" class=\"wp-image-582\" srcset=\"https:\/\/calerasesores.es\/wp-content\/uploads\/2025\/05\/pi2.png 952w, https:\/\/calerasesores.es\/wp-content\/uploads\/2025\/05\/pi2-300x28.png 300w, https:\/\/calerasesores.es\/wp-content\/uploads\/2025\/05\/pi2-768x72.png 768w\" sizes=\"auto, (max-width: 952px) 100vw, 952px\" \/><\/figure>\n","protected":false},"excerpt":{"rendered":"<p>Professionals with extensive experience At Caler Asesores, we are a firm made up of a team of professionals with extensive experience and dedicated to providing employment consulting services, tax and accounting advice, the commercial area, the legal area, procedures with public bodies and adaptation to the General Data Protection Regulation. Our philosophy is based on&hellip;&nbsp;<a href=\"https:\/\/calerasesores.es\/?page_id=522&#038;lang=en\" class=\"\" rel=\"bookmark\">Read More &raquo;<span class=\"screen-reader-text\">Homepage<\/span><\/a><\/p>\n","protected":false},"author":1,"featured_media":0,"parent":0,"menu_order":0,"comment_status":"closed","ping_status":"closed","template":"","meta":{"neve_meta_sidebar":"full-width","neve_meta_container":"contained","neve_meta_enable_content_width":"on","neve_meta_content_width":100,"neve_meta_title_alignment":"","neve_meta_author_avatar":"","neve_post_elements_order":"","neve_meta_disable_header":"","neve_meta_disable_footer":"","neve_meta_disable_title":"on","_themeisle_gutenberg_block_has_review":false,"_ti_tpc_template_sync":false,"_ti_tpc_template_id":"98yl5t6s3nicwhomkrmc","footnotes":""},"class_list":["post-522","page","type-page","status-publish","hentry"],"yoast_head":"<!-- This site is optimized with the Yoast SEO plugin v20.8 - https:\/\/yoast.com\/wordpress\/plugins\/seo\/ -->\n<title>Caler Asesores | Trusted Comprehensive Advisory Services<\/title>\n<meta name=\"description\" content=\"Caler Asesores is a professional firm with extensive experience in labor, fiscal, accounting, commercial, legal advisory, public agency procedures, and GDPR compliance. Our personalized approach and focus on quality set us apart. Trust us to deliver effective and strategic solutions!\" \/>\n<meta name=\"robots\" content=\"index, follow, max-snippet:-1, max-image-preview:large, max-video-preview:-1\" \/>\n<link rel=\"canonical\" href=\"https:\/\/calerasesores.es\/?page_id=522&lang=en\" \/>\n<meta property=\"og:locale\" content=\"en_US\" \/>\n<meta property=\"og:type\" content=\"article\" \/>\n<meta property=\"og:title\" content=\"Caler Asesores | Trusted Comprehensive Advisory Services\" \/>\n<meta property=\"og:description\" content=\"Caler Asesores is a professional firm with extensive experience in labor, fiscal, accounting, commercial, legal advisory, public agency procedures, and GDPR compliance. Our personalized approach and focus on quality set us apart. Trust us to deliver effective and strategic solutions!\" \/>\n<meta property=\"og:url\" content=\"https:\/\/calerasesores.es\/?page_id=522&amp;lang=en\" \/>\n<meta property=\"og:site_name\" content=\"Caler Asesores\" \/>\n<meta property=\"article:modified_time\" content=\"2025-05-08T07:43:52+00:00\" \/>\n<meta property=\"og:image\" content=\"https:\/\/calerasesores.es\/wp-content\/uploads\/2023\/06\/inicio_1.jpg\" \/>\n<meta name=\"twitter:card\" content=\"summary_large_image\" \/>\n<meta name=\"twitter:label1\" content=\"Est. reading time\" \/>\n\t<meta name=\"twitter:data1\" content=\"3 minutes\" \/>\n<script type=\"application\/ld+json\" class=\"yoast-schema-graph\">{\"@context\":\"https:\/\/schema.org\",\"@graph\":[{\"@type\":\"WebPage\",\"@id\":\"https:\/\/calerasesores.es\/?page_id=522&lang=en\",\"url\":\"https:\/\/calerasesores.es\/?page_id=522&lang=en\",\"name\":\"Caler Asesores | Trusted Comprehensive Advisory Services\",\"isPartOf\":{\"@id\":\"https:\/\/calerasesores.es\/#website\"},\"datePublished\":\"2023-06-02T12:07:44+00:00\",\"dateModified\":\"2025-05-08T07:43:52+00:00\",\"description\":\"Caler Asesores is a professional firm with extensive experience in labor, fiscal, accounting, commercial, legal advisory, public agency procedures, and GDPR compliance. Our personalized approach and focus on quality set us apart. Trust us to deliver effective and strategic solutions!\",\"breadcrumb\":{\"@id\":\"https:\/\/calerasesores.es\/?page_id=522&lang=en#breadcrumb\"},\"inLanguage\":\"en-US\",\"potentialAction\":[{\"@type\":\"ReadAction\",\"target\":[\"https:\/\/calerasesores.es\/?page_id=522&lang=en\"]}]},{\"@type\":\"BreadcrumbList\",\"@id\":\"https:\/\/calerasesores.es\/?page_id=522&lang=en#breadcrumb\",\"itemListElement\":[{\"@type\":\"ListItem\",\"position\":1,\"name\":\"Portada\",\"item\":\"https:\/\/calerasesores.es\/?page_id=522&lang=en\"},{\"@type\":\"ListItem\",\"position\":2,\"name\":\"Homepage\"}]},{\"@type\":\"WebSite\",\"@id\":\"https:\/\/calerasesores.es\/#website\",\"url\":\"https:\/\/calerasesores.es\/\",\"name\":\"Caler Asesores\",\"description\":\"Asesor\u00eda integral con calidad y compromiso\",\"publisher\":{\"@id\":\"https:\/\/calerasesores.es\/#organization\"},\"potentialAction\":[{\"@type\":\"SearchAction\",\"target\":{\"@type\":\"EntryPoint\",\"urlTemplate\":\"https:\/\/calerasesores.es\/?s={search_term_string}\"},\"query-input\":\"required name=search_term_string\"}],\"inLanguage\":\"en-US\"},{\"@type\":\"Organization\",\"@id\":\"https:\/\/calerasesores.es\/#organization\",\"name\":\"Caler Asesores\",\"url\":\"https:\/\/calerasesores.es\/\",\"logo\":{\"@type\":\"ImageObject\",\"inLanguage\":\"en-US\",\"@id\":\"https:\/\/calerasesores.es\/#\/schema\/logo\/image\/\",\"url\":\"\",\"contentUrl\":\"\",\"caption\":\"Caler Asesores\"},\"image\":{\"@id\":\"https:\/\/calerasesores.es\/#\/schema\/logo\/image\/\"}}]}<\/script>\n<!-- \/ Yoast SEO plugin. -->","yoast_head_json":{"title":"Caler Asesores | Trusted Comprehensive Advisory Services","description":"Caler Asesores is a professional firm with extensive experience in labor, fiscal, accounting, commercial, legal advisory, public agency procedures, and GDPR compliance. Our personalized approach and focus on quality set us apart. Trust us to deliver effective and strategic solutions!","robots":{"index":"index","follow":"follow","max-snippet":"max-snippet:-1","max-image-preview":"max-image-preview:large","max-video-preview":"max-video-preview:-1"},"canonical":"https:\/\/calerasesores.es\/?page_id=522&lang=en","og_locale":"en_US","og_type":"article","og_title":"Caler Asesores | Trusted Comprehensive Advisory Services","og_description":"Caler Asesores is a professional firm with extensive experience in labor, fiscal, accounting, commercial, legal advisory, public agency procedures, and GDPR compliance. Our personalized approach and focus on quality set us apart. Trust us to deliver effective and strategic solutions!","og_url":"https:\/\/calerasesores.es\/?page_id=522&lang=en","og_site_name":"Caler Asesores","article_modified_time":"2025-05-08T07:43:52+00:00","og_image":[{"url":"https:\/\/calerasesores.es\/wp-content\/uploads\/2023\/06\/inicio_1.jpg"}],"twitter_card":"summary_large_image","twitter_misc":{"Est. reading time":"3 minutes"},"schema":{"@context":"https:\/\/schema.org","@graph":[{"@type":"WebPage","@id":"https:\/\/calerasesores.es\/?page_id=522&lang=en","url":"https:\/\/calerasesores.es\/?page_id=522&lang=en","name":"Caler Asesores | Trusted Comprehensive Advisory Services","isPartOf":{"@id":"https:\/\/calerasesores.es\/#website"},"datePublished":"2023-06-02T12:07:44+00:00","dateModified":"2025-05-08T07:43:52+00:00","description":"Caler Asesores is a professional firm with extensive experience in labor, fiscal, accounting, commercial, legal advisory, public agency procedures, and GDPR compliance. Our personalized approach and focus on quality set us apart. Trust us to deliver effective and strategic solutions!","breadcrumb":{"@id":"https:\/\/calerasesores.es\/?page_id=522&lang=en#breadcrumb"},"inLanguage":"en-US","potentialAction":[{"@type":"ReadAction","target":["https:\/\/calerasesores.es\/?page_id=522&lang=en"]}]},{"@type":"BreadcrumbList","@id":"https:\/\/calerasesores.es\/?page_id=522&lang=en#breadcrumb","itemListElement":[{"@type":"ListItem","position":1,"name":"Portada","item":"https:\/\/calerasesores.es\/?page_id=522&lang=en"},{"@type":"ListItem","position":2,"name":"Homepage"}]},{"@type":"WebSite","@id":"https:\/\/calerasesores.es\/#website","url":"https:\/\/calerasesores.es\/","name":"Caler Asesores","description":"Asesor\u00eda integral con calidad y compromiso","publisher":{"@id":"https:\/\/calerasesores.es\/#organization"},"potentialAction":[{"@type":"SearchAction","target":{"@type":"EntryPoint","urlTemplate":"https:\/\/calerasesores.es\/?s={search_term_string}"},"query-input":"required name=search_term_string"}],"inLanguage":"en-US"},{"@type":"Organization","@id":"https:\/\/calerasesores.es\/#organization","name":"Caler Asesores","url":"https:\/\/calerasesores.es\/","logo":{"@type":"ImageObject","inLanguage":"en-US","@id":"https:\/\/calerasesores.es\/#\/schema\/logo\/image\/","url":"","contentUrl":"","caption":"Caler Asesores"},"image":{"@id":"https:\/\/calerasesores.es\/#\/schema\/logo\/image\/"}}]}},"_links":{"self":[{"href":"https:\/\/calerasesores.es\/index.php?rest_route=\/wp\/v2\/pages\/522","targetHints":{"allow":["GET"]}}],"collection":[{"href":"https:\/\/calerasesores.es\/index.php?rest_route=\/wp\/v2\/pages"}],"about":[{"href":"https:\/\/calerasesores.es\/index.php?rest_route=\/wp\/v2\/types\/page"}],"author":[{"embeddable":true,"href":"https:\/\/calerasesores.es\/index.php?rest_route=\/wp\/v2\/users\/1"}],"replies":[{"embeddable":true,"href":"https:\/\/calerasesores.es\/index.php?rest_route=%2Fwp%2Fv2%2Fcomments&post=522"}],"version-history":[{"count":3,"href":"https:\/\/calerasesores.es\/index.php?rest_route=\/wp\/v2\/pages\/522\/revisions"}],"predecessor-version":[{"id":583,"href":"https:\/\/calerasesores.es\/index.php?rest_route=\/wp\/v2\/pages\/522\/revisions\/583"}],"wp:attachment":[{"href":"https:\/\/calerasesores.es\/index.php?rest_route=%2Fwp%2Fv2%2Fmedia&parent=522"}],"curies":[{"name":"wp","href":"https:\/\/api.w.org\/{rel}","templated":true}]}}